{"id":1556,"date":"2025-01-08T08:57:29","date_gmt":"2025-01-08T08:57:29","guid":{"rendered":"https:\/\/stefactory.net\/?page_id=1556"},"modified":"2025-01-08T10:49:08","modified_gmt":"2025-01-08T10:49:08","slug":"tarifs","status":"publish","type":"page","link":"https:\/\/stefactory.net\/?page_id=1556","title":{"rendered":"Tarifs"},"content":{"rendered":"\n<p><\/p>\n\n\n\n<p>PRESTATIONS :<\/p>\n\n\n\n<p><\/p>\n\n\n\n<p>Formule D\u00e9couverte : 110 euros I<a href=\"https:\/\/stefactory.net\/?page_id=1200\" target=\"_blank\" rel=\"noopener\" title=\"R\u00e9servez votre sc\u00e9ance\">    R\u00e9server votre sc\u00e9ance<\/a><\/p>\n\n\n\n<ul class=\"wp-block-list\">\n<li>5 photos retouch\u00e9es en haute et basse d\u00e9finition<\/li>\n\n\n\n<li>Dur\u00e9e de la s\u00e9ance : 45mn<\/li>\n\n\n\n<li>S\u00e9ance en studio<\/li>\n\n\n\n<li>Possibilit\u00e9 de changer deux fois de tenues<\/li>\n\n\n\n<li>Style ou th\u00e8me : Mode, fashion, Portraits, Glamour, Lingerie, Nu artistique<\/li>\n\n\n\n<li>En option maquillage (50 euros suppl.)<\/li>\n\n\n\n<li>20 eur la photo suppl\u00e9mentaire<\/li>\n<\/ul>\n\n\n\n<p>Formule Starter : 200 euros I <a href=\"https:\/\/stefactory.net\/?page_id=1200\" target=\"_blank\" rel=\"noopener\" title=\"R\u00e9servez votre sc\u00e9ance\">   R\u00e9server votre sc\u00e9ance<\/a><\/p>\n\n\n\n<ul class=\"wp-block-list\">\n<li>10 photos retouch\u00e9es en haute et basse d\u00e9finition<\/li>\n\n\n\n<li>Dur\u00e9e de la s\u00e9ance : 1h00<\/li>\n\n\n\n<li>S\u00e9ance&nbsp;en studio, int\u00e9rieur ou en ext\u00e9rieur<\/li>\n\n\n\n<li>Possibilit\u00e9 de changer plusieurs fois de tenues<\/li>\n\n\n\n<li>Style ou th\u00e8me : Mode, fashion, Portraits, Glamour, Lingerie, Nu artistique<\/li>\n\n\n\n<li>En option maquillage (50 euros suppl.)<\/li>\n\n\n\n<li>20 eur la photo suppl\u00e9mentaire<\/li>\n<\/ul>\n\n\n\n<p>Formule Premium : 380 euros I <a href=\"https:\/\/stefactory.net\/?page_id=1200\" target=\"_blank\" rel=\"noopener\" title=\"R\u00e9servez votre sc\u00e9ance\">   R\u00e9server votre sc\u00e9ance<\/a><\/p>\n\n\n\n<ul class=\"wp-block-list\">\n<li>20 photos retouch\u00e9es en haute et basse d\u00e9finition<\/li>\n\n\n\n<li>Dur\u00e9e de la s\u00e9ance : 3h00<\/li>\n\n\n\n<li>S\u00e9ance&nbsp;en studio, int\u00e9rieur ou en ext\u00e9rieur<\/li>\n\n\n\n<li>Possibilit\u00e9 de changer plusieurs fois de tenues<\/li>\n\n\n\n<li>Style ou th\u00e8me : Mode, fashion, Portraits, Glamour, Lingerie, Nu artistique<\/li>\n\n\n\n<li>En option maquillage (50 euros suppl.)<\/li>\n\n\n\n<li>20 eur la photo suppl\u00e9mentaire<\/li>\n<\/ul>\n\n\n\n<p>Formule Gold : 480 euros I <a href=\"https:\/\/stefactory.net\/?page_id=1200\" target=\"_blank\" rel=\"noopener\" title=\"R\u00e9servez votre sc\u00e9ance\">   R\u00e9server votre sc\u00e9ance<\/a><\/p>\n\n\n\n<ul class=\"wp-block-list\">\n<li>25 photos retouch\u00e9es en haute et basse d\u00e9finition<\/li>\n\n\n\n<li>Dur\u00e9e de la s\u00e9ance : 3h00<\/li>\n\n\n\n<li>S\u00e9ance&nbsp;en studio, int\u00e9rieur ou en ext\u00e9rieur<\/li>\n\n\n\n<li>Possibilit\u00e9 de changer plusieurs fois de tenues<\/li>\n\n\n\n<li>Style ou th\u00e8me : Mode, fashion, Portraits, Glamour, Lingerie, Nu artistique<\/li>\n\n\n\n<li>En option maquillage (50 euros suppl.)<\/li>\n\n\n\n<li>20 eur la photo suppl\u00e9mentaire<\/li>\n<\/ul>\n\n\n\n<p>Mariages \u00e0 partir de 1300\u20ac  <a href=\"https:\/\/www.google.com\/search?sca_esv=434236f4e3901b15&amp;rlz=1C5CHFA_enFR884FR884&amp;sxsrf=ADLYWIL2UMLWmnjMGzuPekcS4rkO5upICQ:1736332482660&amp;q=En+fonction+de+l%27effectif&amp;spell=1&amp;sa=X&amp;ved=2ahUKEwjY7tzG9uWKAxXdU6QEHe3cCjUQkeECKAB6BAgLEAE\"> <\/a>En fonction de l&rsquo;effectif. Pour tous autres demandes (\u00e9v\u00e8nements, mariages, catalogue, etc\u2026), envoyez moi un message par email  <a href=\"https:\/\/stefactory.net\/?page_id=1200\" target=\"_blank\" rel=\"noopener\" title=\"R\u00e9servez votre sc\u00e9ance\">   R\u00e9server votre sc\u00e9ance<\/a><\/p>\n\n\n\n<p class=\"has-vivid-cyan-blue-color has-text-color has-link-color wp-elements-05632029db11419b895fe2527d27a9af\"><\/p>\n\n\n\n<p><\/p>\n","protected":false},"excerpt":{"rendered":"<p>PRESTATIONS : Formule D\u00e9couverte : 110 euros I R\u00e9server votre sc\u00e9ance Formule Starter : 200 euros I R\u00e9server votre sc\u00e9ance Formule Premium : 380 euros I R\u00e9server votre sc\u00e9ance Formule Gold : 480 euros I R\u00e9server votre sc\u00e9ance Mariages \u00e0 partir de 1300\u20ac En fonction de l&rsquo;effectif. Pour tous autres demandes (\u00e9v\u00e8nements, mariages, catalogue, etc\u2026), [&hellip;]<\/p>\n","protected":false},"author":1,"featured_media":0,"parent":0,"menu_order":0,"comment_status":"closed","ping_status":"closed","template":"page_f.php","meta":{"om_disable_all_campaigns":false,"_uag_custom_page_level_css":"","_monsterinsights_skip_tracking":false,"_monsterinsights_sitenote_active":false,"_monsterinsights_sitenote_note":"","_monsterinsights_sitenote_category":0,"_uf_show_specific_survey":0,"_uf_disable_surveys":false,"footnotes":""},"class_list":["post-1556","page","type-page","status-publish","hentry"],"aioseo_notices":[],"uagb_featured_image_src":{"full":false,"thumbnail":false,"medium":false,"medium_large":false,"large":false,"1536x1536":false,"2048x2048":false,"gallery_2":false,"gallery_4":false,"gallery_a":false,"gallery_t":false,"gallery_m":false,"gallery_m2w":false,"gallery_m2h":false,"gallery_wall":false,"gallery_m_fh":false,"gallery_3m":false,"project_s":false,"blog":false,"blog_f":false,"blog_g":false},"uagb_author_info":{"display_name":"stefactory.net","author_link":"https:\/\/stefactory.net\/?author=1"},"uagb_comment_info":0,"uagb_excerpt":"PRESTATIONS : Formule D\u00e9couverte : 110 euros I R\u00e9server votre sc\u00e9ance Formule Starter : 200 euros I R\u00e9server votre sc\u00e9ance Formule Premium : 380 euros I R\u00e9server votre sc\u00e9ance Formule Gold : 480 euros I R\u00e9server votre sc\u00e9ance Mariages \u00e0 partir de 1300\u20ac En fonction de l&rsquo;effectif. Pour tous autres demandes (\u00e9v\u00e8nements, mariages, catalogue, etc\u2026),\u2026","_links":{"self":[{"href":"https:\/\/stefactory.net\/index.php?rest_route=\/wp\/v2\/pages\/1556","targetHints":{"allow":["GET"]}}],"collection":[{"href":"https:\/\/stefactory.net\/index.php?rest_route=\/wp\/v2\/pages"}],"about":[{"href":"https:\/\/stefactory.net\/index.php?rest_route=\/wp\/v2\/types\/page"}],"author":[{"embeddable":true,"href":"https:\/\/stefactory.net\/index.php?rest_route=\/wp\/v2\/users\/1"}],"replies":[{"embeddable":true,"href":"https:\/\/stefactory.net\/index.php?rest_route=%2Fwp%2Fv2%2Fcomments&post=1556"}],"version-history":[{"count":23,"href":"https:\/\/stefactory.net\/index.php?rest_route=\/wp\/v2\/pages\/1556\/revisions"}],"predecessor-version":[{"id":1601,"href":"https:\/\/stefactory.net\/index.php?rest_route=\/wp\/v2\/pages\/1556\/revisions\/1601"}],"wp:attachment":[{"href":"https:\/\/stefactory.net\/index.php?rest_route=%2Fwp%2Fv2%2Fmedia&parent=1556"}],"curies":[{"name":"wp","href":"https:\/\/api.w.org\/{rel}","templated":true}]}}